{"id":168,"date":"2021-01-20T20:21:47","date_gmt":"2021-01-20T19:21:47","guid":{"rendered":"https:\/\/hanches-citoyen.org\/?page_id=168"},"modified":"2021-06-02T21:37:35","modified_gmt":"2021-06-02T19:37:35","slug":"a-propos","status":"publish","type":"page","link":"https:\/\/hanches-citoyen.org\/index.php\/a-propos\/","title":{"rendered":"A propos"},"content":{"rendered":"\n<p>La plateforme <a href=\"https:\/\/hanches-citoyen.org\/\">https:\/\/hanches-citoyen.org<\/a> a \u00e9t\u00e9 cr\u00e9\u00e9e en collaboration avec la municipalit\u00e9 de Hanches, sans aucun co\u00fbt pour le contribuable, \u00e0 l&#8217;initiative d&#8217;un citoyen associ\u00e9 de la commune, <a rel=\"noreferrer noopener\" href=\"https:\/\/bibliotheque-numerique.fr\/\" target=\"_blank\">Mathieu Andro<\/a> qui assure b\u00e9n\u00e9volement le r\u00f4le de m\u00e9diateur sur la plateforme.<\/p>\n\n\n\n<p>Cette plateforme de d\u00e9mocratie participative communale permet aux citoyens de Hanches d&#8217;\u00e9mettre des propositions, de candidater \u00e0 des appels \u00e0 projets ou encore de signaler des lieux pr\u00e9cis du territoire sur une carte.<\/p>\n\n\n\n<p>Elle leur permet aussi de commenter toutes ces propositions et de les voter mais aussi de le faire pour toutes les d\u00e9cisions du conseil municipal.<\/p>\n\n\n\n<p>Enfin, elle leur permet de participer \u00e0 la r\u00e9daction collaborative d&#8217;une charte de la plateforme et d&#8217;une analyse acad\u00e9mique de l&#8217;exp\u00e9rimentation.<\/p>\n\n\n\n<figure class=\"wp-block-embed is-type-wp-embed is-provider-hanches-citoyen-org wp-block-embed-hanches-citoyen-org\"><div class=\"wp-block-embed__wrapper\">\n<blockquote class=\"wp-embedded-content\" data-secret=\"qdl7JNMVEb\"><a href=\"https:\/\/hanches-citoyen.org\/index.php\/charte-de-hanches-citoyen-org\/\">Charte de Hanches-citoyen.org<\/a><\/blockquote><iframe loading=\"lazy\" class=\"wp-embedded-content\" sandbox=\"allow-scripts\" security=\"restricted\" style=\"position: absolute; clip: rect(1px, 1px, 1px, 1px);\" title=\"\u00ab\u00a0Charte de Hanches-citoyen.org\u00a0\u00bb &#8212; Hanches-citoyen.org\" src=\"https:\/\/hanches-citoyen.org\/index.php\/charte-de-hanches-citoyen-org\/embed\/#?secret=r4e8Mqw88A#?secret=qdl7JNMVEb\" data-secret=\"qdl7JNMVEb\" width=\"560\" height=\"315\" frameborder=\"0\" marginwidth=\"0\" marginheight=\"0\" scrolling=\"no\"><\/iframe>\n<\/div><\/figure>\n<div class='watch-action'><div class='watch-position align-left'><div class='action-like'><a class='lbg-style1 like-168 jlk' href='javascript:void(0)' data-task='like' data-post_id='168' data-nonce='52160bfd76' rel='nofollow'><img class='wti-pixel' src='https:\/\/hanches-citoyen.org\/wp-content\/plugins\/wti-like-post\/images\/pixel.gif' title='Je vote pour' \/><span class='lc-168 lc'>0<\/span><\/a><\/div><div class='action-unlike'><a class='unlbg-style1 unlike-168 jlk' href='javascript:void(0)' data-task='unlike' data-post_id='168' data-nonce='52160bfd76' rel='nofollow'><img class='wti-pixel' src='https:\/\/hanches-citoyen.org\/wp-content\/plugins\/wti-like-post\/images\/pixel.gif' title='Je vote contre' \/><span class='unlc-168 unlc'>0<\/span><\/a><\/div> <\/div> <div class='status-168 status align-left'><\/div><\/div><div class='wti-clear'><\/div>","protected":false},"excerpt":{"rendered":"<p>La plateforme https:\/\/hanches-citoyen.org a \u00e9t\u00e9 cr\u00e9\u00e9e en collaboration avec la municipalit\u00e9 de Hanches, sans aucun co\u00fbt pour le contribuable, \u00e0 l&#8217;initiative d&#8217;un citoyen associ\u00e9 de la commune, Mathieu Andro qui&hellip;<\/p>\n","protected":false},"author":1,"featured_media":0,"parent":0,"menu_order":0,"comment_status":"closed","ping_status":"closed","template":"","meta":{"_stc_notifier_status":"","_stc_notifier_sent_time":"","_stc_notifier_request":false,"_stc_notifier_prevent":false,"_stc_subscriber_keywords":"","_stc_subscriber_search_areas":"","footnotes":""},"class_list":["post-168","page","type-page","status-publish","hentry"],"_links":{"self":[{"href":"https:\/\/hanches-citoyen.org\/index.php\/wp-json\/wp\/v2\/pages\/168","targetHints":{"allow":["GET"]}}],"collection":[{"href":"https:\/\/hanches-citoyen.org\/index.php\/wp-json\/wp\/v2\/pages"}],"about":[{"href":"https:\/\/hanches-citoyen.org\/index.php\/wp-json\/wp\/v2\/types\/page"}],"author":[{"embeddable":true,"href":"https:\/\/hanches-citoyen.org\/index.php\/wp-json\/wp\/v2\/users\/1"}],"replies":[{"embeddable":true,"href":"https:\/\/hanches-citoyen.org\/index.php\/wp-json\/wp\/v2\/comments?post=168"}],"version-history":[{"count":15,"href":"https:\/\/hanches-citoyen.org\/index.php\/wp-json\/wp\/v2\/pages\/168\/revisions"}],"predecessor-version":[{"id":2247,"href":"https:\/\/hanches-citoyen.org\/index.php\/wp-json\/wp\/v2\/pages\/168\/revisions\/2247"}],"wp:attachment":[{"href":"https:\/\/hanches-citoyen.org\/index.php\/wp-json\/wp\/v2\/media?parent=168"}],"curies":[{"name":"wp","href":"https:\/\/api.w.org\/{rel}","templated":true}]}}