{"id":26,"date":"2021-01-20T15:09:46","date_gmt":"2021-01-20T14:09:46","guid":{"rendered":"https:\/\/hanches-citoyen.org\/?page_id=26"},"modified":"2021-02-01T20:32:46","modified_gmt":"2021-02-01T19:32:46","slug":"vos-propositions-pour-le-territoire","status":"publish","type":"page","link":"https:\/\/hanches-citoyen.org\/index.php\/vos-propositions-pour-le-territoire\/","title":{"rendered":"Territoire"},"content":{"rendered":"\n<p>N&#8217;h\u00e9sitez pas \u00e0 signaler des lieux et \u00e0 faire vos propositions ou commentaires directement sur cette carte ouverte en \u00e9criture.<\/p>\n\n\n\n<iframe loading=\"lazy\" src=\"https:\/\/www.google.com\/maps\/d\/u\/0\/embed?mid=1GWZ7RifukijNBM4fU7StIw2kQN0dSkDn\" width=\"640\" height=\"480\"><\/iframe>\n\n\n\n<p>Pour cela, il suffit d&#8217;agrandir la carte, de la modifier, d&#8217;ajouter des points ou encore des surfaces et de les commenter.<\/p>\n<div class='watch-action'><div class='watch-position align-left'><div class='action-like'><a class='lbg-style1 like-26 jlk' href='javascript:void(0)' data-task='like' data-post_id='26' data-nonce='3aa42d6fca' rel='nofollow'><img class='wti-pixel' src='https:\/\/hanches-citoyen.org\/wp-content\/plugins\/wti-like-post\/images\/pixel.gif' title='Je vote pour' \/><span class='lc-26 lc'>0<\/span><\/a><\/div><div class='action-unlike'><a class='unlbg-style1 unlike-26 jlk' href='javascript:void(0)' data-task='unlike' data-post_id='26' data-nonce='3aa42d6fca' rel='nofollow'><img class='wti-pixel' src='https:\/\/hanches-citoyen.org\/wp-content\/plugins\/wti-like-post\/images\/pixel.gif' title='Je vote contre' \/><span class='unlc-26 unlc'>0<\/span><\/a><\/div> <\/div> <div class='status-26 status align-left'><\/div><\/div><div class='wti-clear'><\/div>","protected":false},"excerpt":{"rendered":"<p>N&#8217;h\u00e9sitez pas \u00e0 signaler des lieux et \u00e0 faire vos propositions ou commentaires directement sur cette carte ouverte en \u00e9criture. Pour cela, il suffit d&#8217;agrandir la carte, de la modifier,&hellip;<\/p>\n","protected":false},"author":1,"featured_media":0,"parent":0,"menu_order":0,"comment_status":"closed","ping_status":"closed","template":"","meta":{"_stc_notifier_status":"","_stc_notifier_sent_time":"","_stc_notifier_request":false,"_stc_notifier_prevent":false,"_stc_subscriber_keywords":"","_stc_subscriber_search_areas":"","footnotes":""},"class_list":["post-26","page","type-page","status-publish","hentry"],"_links":{"self":[{"href":"https:\/\/hanches-citoyen.org\/index.php\/wp-json\/wp\/v2\/pages\/26","targetHints":{"allow":["GET"]}}],"collection":[{"href":"https:\/\/hanches-citoyen.org\/index.php\/wp-json\/wp\/v2\/pages"}],"about":[{"href":"https:\/\/hanches-citoyen.org\/index.php\/wp-json\/wp\/v2\/types\/page"}],"author":[{"embeddable":true,"href":"https:\/\/hanches-citoyen.org\/index.php\/wp-json\/wp\/v2\/users\/1"}],"replies":[{"embeddable":true,"href":"https:\/\/hanches-citoyen.org\/index.php\/wp-json\/wp\/v2\/comments?post=26"}],"version-history":[{"count":7,"href":"https:\/\/hanches-citoyen.org\/index.php\/wp-json\/wp\/v2\/pages\/26\/revisions"}],"predecessor-version":[{"id":452,"href":"https:\/\/hanches-citoyen.org\/index.php\/wp-json\/wp\/v2\/pages\/26\/revisions\/452"}],"wp:attachment":[{"href":"https:\/\/hanches-citoyen.org\/index.php\/wp-json\/wp\/v2\/media?parent=26"}],"curies":[{"name":"wp","href":"https:\/\/api.w.org\/{rel}","templated":true}]}}